{"id":13,"date":"2024-03-02T19:56:09","date_gmt":"2024-03-02T19:56:09","guid":{"rendered":"https:\/\/cerdach.pl\/?page_id=13"},"modified":"2024-04-15T22:22:00","modified_gmt":"2024-04-15T22:22:00","slug":"strona-w-budowie","status":"publish","type":"page","link":"https:\/\/cerdach.pl\/index.php\/strona-w-budowie\/","title":{"rendered":"Strona w budowie"},"content":{"rendered":"\n<div class=\"wp-block-uagb-container uagb-block-2d641273 alignfull uagb-is-root-container\"><div class=\"uagb-container-inner-blocks-wrap\">\n<div class=\"wp-block-uagb-advanced-heading uagb-block-198f3f16\"><h2 class=\"uagb-heading-text\">Strona w budowie<\/h2><\/div>\n\n\n\n<figure class=\"wp-block-image size-full\"><img data-opt-id=136397920  fetchpriority=\"high\" loading=\"eager\" decoding=\"async\" width=\"1918\" height=\"621\" src=\"https:\/\/mlcbkplob1s4.i.optimole.com\/cb:1HRZ.1eda3\/w:auto\/h:auto\/q:mauto\/f:best\/https:\/\/cerdach.pl\/wp-content\/uploads\/2024\/03\/splash.png\" alt=\"\" class=\"wp-image-15\" srcset=\"https:\/\/mlcbkplob1s4.i.optimole.com\/cb:1HRZ.1eda3\/w:1918\/h:621\/q:mauto\/f:best\/https:\/\/cerdach.pl\/wp-content\/uploads\/2024\/03\/splash.png 1918w, https:\/\/mlcbkplob1s4.i.optimole.com\/cb:1HRZ.1eda3\/w:300\/h:97\/q:mauto\/f:best\/https:\/\/cerdach.pl\/wp-content\/uploads\/2024\/03\/splash.png 300w, https:\/\/mlcbkplob1s4.i.optimole.com\/cb:1HRZ.1eda3\/w:1024\/h:332\/q:mauto\/f:best\/https:\/\/cerdach.pl\/wp-content\/uploads\/2024\/03\/splash.png 1024w, https:\/\/mlcbkplob1s4.i.optimole.com\/cb:1HRZ.1eda3\/w:768\/h:249\/q:mauto\/f:best\/https:\/\/cerdach.pl\/wp-content\/uploads\/2024\/03\/splash.png 768w, https:\/\/mlcbkplob1s4.i.optimole.com\/cb:1HRZ.1eda3\/w:1536\/h:497\/q:mauto\/f:best\/https:\/\/cerdach.pl\/wp-content\/uploads\/2024\/03\/splash.png 1536w\" sizes=\"auto, (max-width: 1000px) 100vw, 1000px\" \/><\/figure>\n\n\n\n<p class=\"has-source-serif-pro-font-family has-medium-font-size\" style=\"margin-top:var(--wp--preset--spacing--50);margin-bottom:var(--wp--preset--spacing--50);font-style:normal;font-weight:300;line-height:1.8\">Cerdach sp. z o.o.<br>Aleja Sp\u00f3\u0142dzielczo\u015bci Pracy 82B<br>20-147 Lublin <\/p>\n\n\n\n<p class=\"has-source-serif-pro-font-family has-medium-font-size\" style=\"font-style:normal;font-weight:300;line-height:1.8\">Tel: <a href=\"tel:48504269154\">+48 504 269 154<\/a><br>E-mail: <a href=\"mailto:biuro@cerdach.pl\">biuro@cerdach.pl<\/a><\/p>\n<\/div><\/div>\n","protected":false},"excerpt":{"rendered":"<p>Strona w budowie Cerdach sp. z o.o.Aleja Sp\u00f3\u0142dzielczo\u015bci Pracy 82B20-147 Lublin Tel: +48 504 269 154E-mail: biuro@cerdach.pl<\/p>\n","protected":false},"author":1,"featured_media":0,"parent":0,"menu_order":0,"comment_status":"closed","ping_status":"closed","template":"templates\/wpmm-page-template.php","meta":{"_uag_custom_page_level_css":"","site-sidebar-layout":"default","site-content-layout":"","ast-site-content-layout":"default","site-content-style":"default","site-sidebar-style":"default","ast-global-header-display":"","ast-banner-title-visibility":"","ast-main-header-display":"","ast-hfb-above-header-display":"","ast-hfb-below-header-display":"","ast-hfb-mobile-header-display":"","site-post-title":"disabled","ast-breadcrumbs-content":"","ast-featured-img":"","footer-sml-layout":"","theme-transparent-header-meta":"","adv-header-id-meta":"","stick-header-meta":"","header-above-stick-meta":"","header-main-stick-meta":"","header-below-stick-meta":"","astra-migrate-meta-layouts":"default","ast-page-background-enabled":"default","ast-page-background-meta":{"desktop":{"background-color":"var(--ast-global-color-4)","background-image":"","background-repeat":"repeat","background-position":"center center","background-size":"auto","background-attachment":"scroll","background-type":"","background-media":"","overlay-type":"","overlay-color":"","overlay-opacity":"","overlay-gradient":""},"tablet":{"background-color":"","background-image":"","background-repeat":"repeat","background-position":"center center","background-size":"auto","background-attachment":"scroll","background-type":"","background-media":"","overlay-type":"","overlay-color":"","overlay-opacity":"","overlay-gradient":""},"mobile":{"background-color":"","background-image":"","background-repeat":"repeat","background-position":"center center","background-size":"auto","background-attachment":"scroll","background-type":"","background-media":"","overlay-type":"","overlay-color":"","overlay-opacity":"","overlay-gradient":""}},"ast-content-background-meta":{"desktop":{"background-color":"var(--ast-global-color-5)","background-image":"","background-repeat":"repeat","background-position":"center center","background-size":"auto","background-attachment":"scroll","background-type":"","background-media":"","overlay-type":"","overlay-color":"","overlay-opacity":"","overlay-gradient":""},"tablet":{"background-color":"var(--ast-global-color-5)","background-image":"","background-repeat":"repeat","background-position":"center center","background-size":"auto","background-attachment":"scroll","background-type":"","background-media":"","overlay-type":"","overlay-color":"","overlay-opacity":"","overlay-gradient":""},"mobile":{"background-color":"var(--ast-global-color-5)","background-image":"","background-repeat":"repeat","background-position":"center center","background-size":"auto","background-attachment":"scroll","background-type":"","background-media":"","overlay-type":"","overlay-color":"","overlay-opacity":"","overlay-gradient":""}},"footnotes":""},"class_list":["post-13","page","type-page","status-publish","hentry"],"uagb_featured_image_src":{"full":false,"thumbnail":false,"medium":false,"medium_large":false,"large":false,"1536x1536":false,"2048x2048":false},"uagb_author_info":{"display_name":"admin9147","author_link":"https:\/\/cerdach.pl\/index.php\/author\/admin9147\/"},"uagb_comment_info":0,"uagb_excerpt":"Strona w budowie Cerdach sp. z o.o.Aleja Sp\u00f3\u0142dzielczo\u015bci Pracy 82B20-147 Lublin Tel: +48 504 269 154E-mail: biuro@cerdach.pl","_links":{"self":[{"href":"https:\/\/cerdach.pl\/index.php\/wp-json\/wp\/v2\/pages\/13","targetHints":{"allow":["GET"]}}],"collection":[{"href":"https:\/\/cerdach.pl\/index.php\/wp-json\/wp\/v2\/pages"}],"about":[{"href":"https:\/\/cerdach.pl\/index.php\/wp-json\/wp\/v2\/types\/page"}],"author":[{"embeddable":true,"href":"https:\/\/cerdach.pl\/index.php\/wp-json\/wp\/v2\/users\/1"}],"replies":[{"embeddable":true,"href":"https:\/\/cerdach.pl\/index.php\/wp-json\/wp\/v2\/comments?post=13"}],"version-history":[{"count":7,"href":"https:\/\/cerdach.pl\/index.php\/wp-json\/wp\/v2\/pages\/13\/revisions"}],"predecessor-version":[{"id":305,"href":"https:\/\/cerdach.pl\/index.php\/wp-json\/wp\/v2\/pages\/13\/revisions\/305"}],"wp:attachment":[{"href":"https:\/\/cerdach.pl\/index.php\/wp-json\/wp\/v2\/media?parent=13"}],"curies":[{"name":"wp","href":"https:\/\/api.w.org\/{rel}","templated":true}]}}